{"id":1958,"date":"2016-02-04T14:57:47","date_gmt":"2016-02-04T14:57:47","guid":{"rendered":"http:\/\/szollosimatyas.hu\/?page_id=1958&#038;lang=en"},"modified":"2016-03-31T10:46:20","modified_gmt":"2016-03-31T10:46:20","slug":"a-volga-menten-es-az-ural-korul-angol","status":"publish","type":"page","link":"https:\/\/szollosimatyas.hu\/en\/a-volga-menten-es-az-ural-korul-angol\/","title":{"rendered":"Along the Volga and around the Ural"},"content":{"rendered":"<p>The research of Hungarian ancient history has stepped in a new phase in the last years. Archaeological researches have been started again in the Russian areas after a 30 year long pause by the archaeology department of P\u00e1zm\u00e1ny P\u00e9ter Catholic University and MTA Humanities Institute; the 3<sup>rd<\/sup> Russian-Hungarian Archaeology Expedition in Ural took place between 27<sup>th<\/sup> July and 19<sup>th<\/sup> August in 2015. The leader of the team was Attila T\u00fcrk, the team consisted of archaeologists, anthropologists and archeo-zoologists, and they joined the local excavations in Samara, Izhevsk, South-Ural area and Bashkiria. These excavations are particularly important in Hungarian ancient history research.<\/p>\n","protected":false},"excerpt":{"rendered":"<p>The research of Hungarian ancient history has stepped in a new phase in the last years. Archaeological researches have been started again in the Russian areas after a 30 year long pause by the archaeology department of P\u00e1zm\u00e1ny P\u00e9ter Catholic University and MTA Humanities Institute; the 3rd Russian-Hungarian Archaeology Expedition in Ural took place between 27th July and 19th August in 2015. The leader of the team was Attila T\u00fcrk, the team consisted of archaeologists, anthropologists and archeo-zoologists, and they joined the local excavations in Samara, Izhevsk, South-Ural area and Bashkiria. These excavations are particularly important in Hungarian ancient history research.<\/p>\n","protected":false},"author":1,"featured_media":0,"parent":0,"menu_order":0,"comment_status":"closed","ping_status":"closed","template":"page-gallery-ribbon.php","meta":[],"_links":{"self":[{"href":"https:\/\/szollosimatyas.hu\/en\/wp-json\/wp\/v2\/pages\/1958"}],"collection":[{"href":"https:\/\/szollosimatyas.hu\/en\/wp-json\/wp\/v2\/pages"}],"about":[{"href":"https:\/\/szollosimatyas.hu\/en\/wp-json\/wp\/v2\/types\/page"}],"author":[{"embeddable":true,"href":"https:\/\/szollosimatyas.hu\/en\/wp-json\/wp\/v2\/users\/1"}],"replies":[{"embeddable":true,"href":"https:\/\/szollosimatyas.hu\/en\/wp-json\/wp\/v2\/comments?post=1958"}],"version-history":[{"count":4,"href":"https:\/\/szollosimatyas.hu\/en\/wp-json\/wp\/v2\/pages\/1958\/revisions"}],"predecessor-version":[{"id":1969,"href":"https:\/\/szollosimatyas.hu\/en\/wp-json\/wp\/v2\/pages\/1958\/revisions\/1969"}],"wp:attachment":[{"href":"https:\/\/szollosimatyas.hu\/en\/wp-json\/wp\/v2\/media?parent=1958"}],"curies":[{"name":"wp","href":"https:\/\/api.w.org\/{rel}","templated":true}]}}