{"id":2366,"date":"2016-05-20T18:56:42","date_gmt":"2016-05-20T18:56:42","guid":{"rendered":"http:\/\/szollosimatyas.hu\/en\/vaksag\/"},"modified":"2019-05-22T13:11:41","modified_gmt":"2019-05-22T13:11:41","slug":"vaksag","status":"publish","type":"page","link":"https:\/\/szollosimatyas.hu\/en\/vaksag\/","title":{"rendered":"Vaks\u00e1g"},"content":{"rendered":"<p>T\u00f6bb mint 30 ezer vak ember \u00e9l ma Magyarorsz\u00e1gon, a l\u00e1t\u00e1ss\u00e9r\u00fcltek sz\u00e1ma pedig meghaladja a 100 ezret is. A t\u00e1rsadalom a vakokra hajlamos \u00fagy tekinteni, mint akik k\u00edv\u00fcl \u00e1llnak, \u00e9s akik megoldhatatlan probl\u00e9m\u00e1kkal k\u00fcszk\u00f6dnek. Holott a vakok \u00e9s gyeng\u00e9n l\u00e1t\u00f3k legnagyobb r\u00e9sze teljes \u00e9letet \u00e9l; dolgoznak, k\u00f6zlekednek, sportolnak &#8211; olyan tev\u00e9kenys\u00e9geket is folytatnak, amelyekre m\u00e9g csak nem is gondolunk, \u00e9s a technika fejl\u0151d\u00e9se, bizonyos eszk\u00f6z\u00f6k haszn\u00e1lata el\u0151seg\u00edti, hogy tev\u00e9kenys\u00e9g\u00fck m\u00e9g sz\u00e9lesk\u00f6r\u0171bb legyen. A sorozat &#8211; amelyben vakok \u00e9s s\u00falyos l\u00e1t\u00e1ss\u00e9r\u00fclts\u00e9ggel \u00e9l\u0151k egyar\u00e1nt szerepelnek &#8211; egy-egy tekintet sz\u00e9ps\u00e9g\u00e9t \u00e9s rendk\u00edv\u00fcli erej\u00e9t k\u00edv\u00e1nja megmutatni.<\/p>\n","protected":false},"excerpt":{"rendered":"<p>T\u00f6bb mint 30 ezer vak ember \u00e9l ma Magyarorsz\u00e1gon, a l\u00e1t\u00e1ss\u00e9r\u00fcltek sz\u00e1ma pedig meghaladja a 100 ezret is. A t\u00e1rsadalom a vakokra hajlamos \u00fagy tekinteni, mint akik k\u00edv\u00fcl \u00e1llnak, \u00e9s akik megoldhatatlan probl\u00e9m\u00e1kkal k\u00fcszk\u00f6dnek. Holott a vakok \u00e9s gyeng\u00e9n l\u00e1t\u00f3k legnagyobb r\u00e9sze teljes \u00e9letet \u00e9l; dolgoznak, k\u00f6zlekednek, sportolnak &#8211; olyan tev\u00e9kenys\u00e9geket is folytatnak, amelyekre m\u00e9g csak nem is gondolunk, \u00e9s a technika fejl\u0151d\u00e9se, bizonyos eszk\u00f6z\u00f6k haszn\u00e1lata el\u0151seg\u00edti, hogy tev\u00e9kenys\u00e9g\u00fck m\u00e9g sz\u00e9lesk\u00f6r\u0171bb legyen. A sorozat &#8211; amelyben vakok \u00e9s s\u00falyos l\u00e1t\u00e1ss\u00e9r\u00fclts\u00e9ggel \u00e9l\u0151k egyar\u00e1nt szerepelnek &#8211; egy-egy tekintet sz\u00e9ps\u00e9g\u00e9t \u00e9s rendk\u00edv\u00fcli erej\u00e9t k\u00edv\u00e1nja megmutatni.<\/p>\n","protected":false},"author":1,"featured_media":0,"parent":0,"menu_order":0,"comment_status":"closed","ping_status":"closed","template":"page-gallery-ribbon.php","meta":[],"_links":{"self":[{"href":"https:\/\/szollosimatyas.hu\/en\/wp-json\/wp\/v2\/pages\/2366"}],"collection":[{"href":"https:\/\/szollosimatyas.hu\/en\/wp-json\/wp\/v2\/pages"}],"about":[{"href":"https:\/\/szollosimatyas.hu\/en\/wp-json\/wp\/v2\/types\/page"}],"author":[{"embeddable":true,"href":"https:\/\/szollosimatyas.hu\/en\/wp-json\/wp\/v2\/users\/1"}],"replies":[{"embeddable":true,"href":"https:\/\/szollosimatyas.hu\/en\/wp-json\/wp\/v2\/comments?post=2366"}],"version-history":[{"count":10,"href":"https:\/\/szollosimatyas.hu\/en\/wp-json\/wp\/v2\/pages\/2366\/revisions"}],"predecessor-version":[{"id":3734,"href":"https:\/\/szollosimatyas.hu\/en\/wp-json\/wp\/v2\/pages\/2366\/revisions\/3734"}],"wp:attachment":[{"href":"https:\/\/szollosimatyas.hu\/en\/wp-json\/wp\/v2\/media?parent=2366"}],"curies":[{"name":"wp","href":"https:\/\/api.w.org\/{rel}","templated":true}]}}