{"id":3288,"date":"2017-10-21T14:52:49","date_gmt":"2017-10-21T14:52:49","guid":{"rendered":"http:\/\/szollosimatyas.hu\/en\/egy-arva_haz_lakoi\/"},"modified":"2019-03-01T11:48:31","modified_gmt":"2019-03-01T11:48:31","slug":"egy-arva_haz_lakoi","status":"publish","type":"page","link":"https:\/\/szollosimatyas.hu\/en\/egy-arva_haz_lakoi\/","title":{"rendered":"Egy \u00e1rva h\u00e1z lak\u00f3i"},"content":{"rendered":"","protected":false},"excerpt":{"rendered":"","protected":false},"author":1,"featured_media":0,"parent":0,"menu_order":0,"comment_status":"closed","ping_status":"closed","template":"page-gallery-ribbon.php","meta":[],"_links":{"self":[{"href":"https:\/\/szollosimatyas.hu\/en\/wp-json\/wp\/v2\/pages\/3288"}],"collection":[{"href":"https:\/\/szollosimatyas.hu\/en\/wp-json\/wp\/v2\/pages"}],"about":[{"href":"https:\/\/szollosimatyas.hu\/en\/wp-json\/wp\/v2\/types\/page"}],"author":[{"embeddable":true,"href":"https:\/\/szollosimatyas.hu\/en\/wp-json\/wp\/v2\/users\/1"}],"replies":[{"embeddable":true,"href":"https:\/\/szollosimatyas.hu\/en\/wp-json\/wp\/v2\/comments?post=3288"}],"version-history":[{"count":1,"href":"https:\/\/szollosimatyas.hu\/en\/wp-json\/wp\/v2\/pages\/3288\/revisions"}],"predecessor-version":[{"id":3289,"href":"https:\/\/szollosimatyas.hu\/en\/wp-json\/wp\/v2\/pages\/3288\/revisions\/3289"}],"wp:attachment":[{"href":"https:\/\/szollosimatyas.hu\/en\/wp-json\/wp\/v2\/media?parent=3288"}],"curies":[{"name":"wp","href":"https:\/\/api.w.org\/{rel}","templated":true}]}}